{"id":2,"date":"2011-01-06T09:52:07","date_gmt":"2011-01-06T09:52:07","guid":{"rendered":"http:\/\/www.bsk-heidelberg.de\/cms\/?page_id=2"},"modified":"2011-01-08T11:00:29","modified_gmt":"2011-01-08T10:00:29","slug":"eine-seite","status":"publish","type":"page","link":"https:\/\/www.bsk-heidelberg.de\/cms\/?page_id=2","title":{"rendered":"Startseite"},"content":{"rendered":"<h3>Herzlich Willkommen<\/h3>\n<p>auf den neuen Internet Seiten des BSK-Heidelberg 1961 e.V.. Wir haben \u00fcber die Weihnachtsfeiertage unser Internet Layout \u00fcberarbeitet, und hoffen nun, dass Ihnen das neue Layout auch gef\u00e4llt. Sie k\u00f6nnen auch zu diesem Thema gerne einen Beitrag in unser G\u00e4stebuch schreiben.<\/p>\n<p>Viel Spa\u00df w\u00fcnscht Ihnen,<br \/>\n<b>Der Vorstand<\/b><\/p>\n","protected":false},"excerpt":{"rendered":"<p>Herzlich Willkommen auf den neuen Internet Seiten des BSK-Heidelberg 1961 e.V.. Wir haben \u00fcber die Weihnachtsfeiertage unser Internet Layout \u00fcberarbeitet, und hoffen nun, dass Ihnen das neue Layout auch gef\u00e4llt. Sie k\u00f6nnen auch zu diesem Thema gerne einen Beitrag in unser G\u00e4stebuch schreiben. Viel Spa\u00df w\u00fcnscht Ihnen, Der Vorstand<\/p>\n","protected":false},"author":1,"featured_media":0,"parent":0,"menu_order":0,"comment_status":"closed","ping_status":"open","template":"","meta":{"footnotes":""},"class_list":["post-2","page","type-page","status-publish","hentry"],"_links":{"self":[{"href":"https:\/\/www.bsk-heidelberg.de\/cms\/index.php?rest_route=\/wp\/v2\/pages\/2","targetHints":{"allow":["GET"]}}],"collection":[{"href":"https:\/\/www.bsk-heidelberg.de\/cms\/index.php?rest_route=\/wp\/v2\/pages"}],"about":[{"href":"https:\/\/www.bsk-heidelberg.de\/cms\/index.php?rest_route=\/wp\/v2\/types\/page"}],"author":[{"embeddable":true,"href":"https:\/\/www.bsk-heidelberg.de\/cms\/index.php?rest_route=\/wp\/v2\/users\/1"}],"replies":[{"embeddable":true,"href":"https:\/\/www.bsk-heidelberg.de\/cms\/index.php?rest_route=%2Fwp%2Fv2%2Fcomments&post=2"}],"version-history":[{"count":8,"href":"https:\/\/www.bsk-heidelberg.de\/cms\/index.php?rest_route=\/wp\/v2\/pages\/2\/revisions"}],"predecessor-version":[{"id":4,"href":"https:\/\/www.bsk-heidelberg.de\/cms\/index.php?rest_route=\/wp\/v2\/pages\/2\/revisions\/4"}],"wp:attachment":[{"href":"https:\/\/www.bsk-heidelberg.de\/cms\/index.php?rest_route=%2Fwp%2Fv2%2Fmedia&parent=2"}],"curies":[{"name":"wp","href":"https:\/\/api.w.org\/{rel}","templated":true}]}}